{"id":2872,"date":"2023-08-20T18:55:47","date_gmt":"2023-08-20T16:55:47","guid":{"rendered":"https:\/\/kwjourneys.com\/disclaimer\/"},"modified":"2023-10-22T23:34:11","modified_gmt":"2023-10-22T21:34:11","slug":"disclaimer","status":"publish","type":"page","link":"https:\/\/kwjourneys.com\/es\/disclaimer\/","title":{"rendered":"Disclaimer"},"content":{"rendered":"\t\t<div data-elementor-type=\"wp-page\" data-elementor-id=\"2872\" class=\"elementor elementor-2872 elementor-2504\" data-elementor-post-type=\"page\">\n\t\t\t\t<div class=\"elementor-element elementor-element-8856216 e-con-full e-flex e-con e-parent\" data-id=\"8856216\" data-element_type=\"container\" data-e-type=\"container\" data-settings=\"{&quot;background_background&quot;:&quot;classic&quot;}\">\n\t\t<div class=\"elementor-element elementor-element-b175db0 e-con-full e-flex e-con e-child\" data-id=\"b175db0\" data-element_type=\"container\" data-e-type=\"container\">\n\t\t\t\t<div class=\"elementor-element elementor-element-7eeddb7 elementor-widget elementor-widget-heading\" data-id=\"7eeddb7\" data-element_type=\"widget\" data-e-type=\"widget\" data-widget_type=\"heading.default\">\n\t\t\t\t<div class=\"elementor-widget-container\">\n\t\t\t\t\t<h2 class=\"elementor-heading-title elementor-size-default\">Disclaimer<\/h2>\t\t\t\t<\/div>\n\t\t\t\t<\/div>\n\t\t\t\t<div class=\"elementor-element elementor-element-cd364fe elementor-widget elementor-widget-shortcode\" data-id=\"cd364fe\" data-element_type=\"widget\" data-e-type=\"widget\" data-widget_type=\"shortcode.default\">\n\t\t\t\t<div class=\"elementor-widget-container\">\n\t\t\t\t\t\t\t<div class=\"elementor-shortcode\">\n<!-- Legal document generated by Complianz | GDPR\/CCPA Cookie Consent https:\/\/wordpress.org\/plugins\/complianz-gdpr -->\n<div id=\"cmplz-document\" class=\"cmplz-document disclaimer cmplz-document-all\"><p>KW Journeys se compromete a mantener esta web actualizada y precisa. Si, a pesar de todo, encontrara algo incorrecto o desactualizado, le agradecer\u00edamos que nos lo hiciera saber. Por favor, indique en qu\u00e9 parte de la web ha le\u00eddo la informaci\u00f3n. La revisaremos lo antes posible. Por favor, env\u00ede su duda por correo electr\u00f3nico a: <span class=\"cmplz-obfuscate\">he&#108;&#108;&#111;@<span class=\"cmplz-fmail-domain\">e&#120;.c&#111;&#109;<\/span>kw&#106;o&#117;&#114;&#110;ey&#115;.&#099;o&#109;<\/span>.<\/p><p>No nos responsabilizamos de las p\u00e9rdidas derivadas de inexactitudes o datos incompletos, ni de las p\u00e9rdidas resultantes de problemas causados o inherentes a la difusi\u00f3n de la informaci\u00f3n a trav\u00e9s de Internet, como interrupciones o fallos. Al utilizar formularios web, nos esforzamos por limitar al m\u00ednimo el n\u00famero de campos obligatorios. Por cualquier p\u00e9rdida sufrida como resultado del uso de datos, consejos o ideas proporcionadas por KW Journeys o en su nombre a trav\u00e9s de esta web, KW Journeys no acepta ninguna responsabilidad.<\/p><p>El uso de la web y todos sus componentes (incluidos los foros) est\u00e1 sujeto a las <a href=\"https:\/\/kwjourneys.com\/terms-conditions\" target=\"_blank\">condiciones de uso<\/a>. El mero uso de esta web implica el conocimiento y la aceptaci\u00f3n de estas condiciones de uso.<\/p><p>Cualquier dato personal que nos proporcione en el contexto de su respuesta o solicitud de informaci\u00f3n s\u00f3lo se utilizar\u00e1 de acuerdo con nuestra declaraci\u00f3n de privacidad.<\/p><p>Todos los derechos de propiedad intelectual sobre el contenido de esta web pertenecen a KW Journeys.<\/p><p>La copia, difusi\u00f3n y cualquier otro uso de estos materiales no est\u00e1 permitido sin el permiso escrito de KW Journeys, excepto y s\u00f3lo en la medida en que se estipule lo contrario en los reglamentos de la ley obligatoria (como el derecho de cita), a menos que el contenido espec\u00edfico dicte lo contrario.<\/p><p>Si tiene alguna pregunta o problema con la accesibilidad de la web, no dude en ponerse en contacto con nosotros.<\/p><\/div><\/div>\n\t\t\t\t\t\t<\/div>\n\t\t\t\t<\/div>\n\t\t\t\t<\/div>\n\t\t\t\t<\/div>\n\t\t\t\t<\/div>\n\t\t","protected":false},"excerpt":{"rendered":"<p>Disclaimer<\/p>\n","protected":false},"author":5,"featured_media":0,"parent":0,"menu_order":0,"comment_status":"closed","ping_status":"closed","template":"elementor_header_footer","meta":{"_mo_disable_npp":"","footnotes":""},"class_list":["post-2872","page","type-page","status-publish","hentry"],"_links":{"self":[{"href":"https:\/\/kwjourneys.com\/es\/wp-json\/wp\/v2\/pages\/2872","targetHints":{"allow":["GET"]}}],"collection":[{"href":"https:\/\/kwjourneys.com\/es\/wp-json\/wp\/v2\/pages"}],"about":[{"href":"https:\/\/kwjourneys.com\/es\/wp-json\/wp\/v2\/types\/page"}],"author":[{"embeddable":true,"href":"https:\/\/kwjourneys.com\/es\/wp-json\/wp\/v2\/users\/5"}],"replies":[{"embeddable":true,"href":"https:\/\/kwjourneys.com\/es\/wp-json\/wp\/v2\/comments?post=2872"}],"version-history":[{"count":0,"href":"https:\/\/kwjourneys.com\/es\/wp-json\/wp\/v2\/pages\/2872\/revisions"}],"wp:attachment":[{"href":"https:\/\/kwjourneys.com\/es\/wp-json\/wp\/v2\/media?parent=2872"}],"curies":[{"name":"wp","href":"https:\/\/api.w.org\/{rel}","templated":true}]}}